{"id":1122,"date":"2020-01-14T07:57:52","date_gmt":"2020-01-14T12:57:52","guid":{"rendered":"https:\/\/niagara.turnbull.co\/?page_id=1122"},"modified":"2020-01-15T04:36:49","modified_gmt":"2020-01-15T09:36:49","slug":"au-sujet-de-notre-clinique-juridique","status":"publish","type":"page","link":"https:\/\/www.niagaracommunitylegalclinic.com\/fr\/qui-nous-sommes\/au-sujet-de-notre-clinique-juridique\/","title":{"rendered":"Au sujet de notre clinique juridique"},"content":{"rendered":"\n<p>Nous sommes une clinique juridique communautaire \u00e0 but non lucratif qui sert depuis\u00a01978 les villes et les villages de la r\u00e9gion de Niagara.<\/p>\n<h2>\u00c9nonc\u00e9 de mission<\/h2>\n<p>Nous avons pour objectif d\u2019aider les individus et les groupes qui ont besoin d\u2019aide juridique en leur offrant un acc\u00e8s \u00e9gal aux services juridiques.<\/p>\n<p>Notre mandat est d\u2019habiliter et de prot\u00e9ger les droits juridiques des gens afin de b\u00e2tir des collectivit\u00e9s saines.<\/p>\n<h2>Services juridiques<\/h2>\n<p>La Clinique juridique communautaire de Niagara offre des services juridiques aux personnes \u00e0 faible revenu des villes de Welland, de St.\u00a0Catharines, de Beamsville, de Grimsby, de Niagara Falls, de Niagara-on-the-Lake, de Port Colborne, de Thorold, de Fort Erie et de Crystal Beach.<\/p>\n<p>Nous sommes en mesure de fournir les services suivants\u00a0:<\/p>\n<ul>\n<li>vous donner des conseils juridiques gratuits par t\u00e9l\u00e9phone ou en personne<\/li>\n<li>pr\u00e9parer les requ\u00eates des tribunaux et des cours de justice<\/li>\n<li>vous repr\u00e9senter aupr\u00e8s de certains tribunaux et cours au cas par cas, pr\u00e9parer des appels et des r\u00e9visions judiciaires, le cas \u00e9ch\u00e9ant<\/li>\n<li>discuter de votre situation juridique et vous donner des renseignements ou vous renvoyer \u00e0 d\u2019autres organismes lorsque nous ne sommes pas en mesure de vous aider<\/li>\n<\/ul>\n<p>Nous offrons \u00e9galement des s\u00e9ances d\u2019information juridique aux citoyens et \u00e0 d\u2019autres organismes communautaires. Pour de plus amples renseignements, veuillez <a href=\"\/fr\/communiquez-avec-nous\">communiquer avec nous<\/a>.<\/p>\n<p>En outre, nous travaillons toujours avec nos partenaires communautaires afin d\u2019am\u00e9liorer les lois qui touchent les personnes \u00e0 faible revenu en Ontario.<\/p>\n<p>Un conseil d\u2019administration communautaire est charg\u00e9 d\u2019\u00e9tablir la strat\u00e9gie et d\u2019assurer la surveillance de notre clinique juridique communautaire.<\/p>\n","protected":false},"excerpt":{"rendered":"<p>Nous sommes une clinique juridique communautaire \u00e0 but non lucratif qui sert depuis\u00a01978 les villes et les villages de la r\u00e9gion de Niagara.<br \/>\n\u00c9nonc\u00e9 de mission<br \/>\nNous avons pour objectif d\u2019aider les individus et les groupes qui ont besoin d\u2019aide juridique en leur offrant un acc\u00e8s \u00e9gal aux services juridiques.<\/p>\n","protected":false},"author":2,"featured_media":0,"parent":1120,"menu_order":0,"comment_status":"closed","ping_status":"closed","template":"","meta":{"_bbp_topic_count":0,"_bbp_reply_count":0,"_bbp_total_topic_count":0,"_bbp_total_reply_count":0,"_bbp_voice_count":0,"_bbp_anonymous_reply_count":0,"_bbp_topic_count_hidden":0,"_bbp_reply_count_hidden":0,"_bbp_forum_subforum_count":0,"footnotes":""},"class_list":["post-1122","page","type-page","status-publish","hentry"],"yoast_head":"<!-- This site is optimized with the Yoast SEO plugin v24.3 - https:\/\/yoast.com\/wordpress\/plugins\/seo\/ -->\n<title>Au sujet de notre clinique juridique - Niagara Community Legal Clinic - Clinique juridique communautaire de Niagara<\/title>\n<meta name=\"robots\" content=\"index, follow, max-snippet:-1, max-image-preview:large, max-video-preview:-1\" \/>\n<link rel=\"canonical\" href=\"https:\/\/www.niagaracommunitylegalclinic.com\/fr\/qui-nous-sommes\/au-sujet-de-notre-clinique-juridique\/\" \/>\n<meta property=\"og:locale\" content=\"fr_FR\" \/>\n<meta property=\"og:type\" content=\"article\" \/>\n<meta property=\"og:title\" content=\"Au sujet de notre clinique juridique - Niagara Community Legal Clinic - Clinique juridique communautaire de Niagara\" \/>\n<meta property=\"og:description\" content=\"Nous sommes une clinique juridique communautaire \u00e0 but non lucratif qui sert depuis\u00a01978 les villes et les villages de la r\u00e9gion de Niagara. \u00c9nonc\u00e9 de mission Nous avons pour objectif d\u2019aider les individus et les groupes qui ont besoin d\u2019aide juridique en leur offrant un acc\u00e8s \u00e9gal aux services juridiques.\" \/>\n<meta property=\"og:url\" content=\"https:\/\/www.niagaracommunitylegalclinic.com\/fr\/qui-nous-sommes\/au-sujet-de-notre-clinique-juridique\/\" \/>\n<meta property=\"og:site_name\" content=\"Niagara Community Legal Clinic - Clinique juridique communautaire de Niagara\" \/>\n<meta property=\"article:modified_time\" content=\"2020-01-15T09:36:49+00:00\" \/>\n<meta name=\"twitter:card\" content=\"summary_large_image\" \/>\n<meta name=\"twitter:label1\" content=\"Dur\u00e9e de lecture estim\u00e9e\" \/>\n\t<meta name=\"twitter:data1\" content=\"1 minute\" \/>\n<script type=\"application\/ld+json\" class=\"yoast-schema-graph\">{\"@context\":\"https:\/\/schema.org\",\"@graph\":[{\"@type\":\"WebPage\",\"@id\":\"https:\/\/www.niagaracommunitylegalclinic.com\/fr\/qui-nous-sommes\/au-sujet-de-notre-clinique-juridique\/\",\"url\":\"https:\/\/www.niagaracommunitylegalclinic.com\/fr\/qui-nous-sommes\/au-sujet-de-notre-clinique-juridique\/\",\"name\":\"Au sujet de notre clinique juridique - Niagara Community Legal Clinic - Clinique juridique communautaire de Niagara\",\"isPartOf\":{\"@id\":\"https:\/\/www.niagaracommunitylegalclinic.com\/#website\"},\"datePublished\":\"2020-01-14T12:57:52+00:00\",\"dateModified\":\"2020-01-15T09:36:49+00:00\",\"breadcrumb\":{\"@id\":\"https:\/\/www.niagaracommunitylegalclinic.com\/fr\/qui-nous-sommes\/au-sujet-de-notre-clinique-juridique\/#breadcrumb\"},\"inLanguage\":\"fr-FR\",\"potentialAction\":[{\"@type\":\"ReadAction\",\"target\":[\"https:\/\/www.niagaracommunitylegalclinic.com\/fr\/qui-nous-sommes\/au-sujet-de-notre-clinique-juridique\/\"]}]},{\"@type\":\"BreadcrumbList\",\"@id\":\"https:\/\/www.niagaracommunitylegalclinic.com\/fr\/qui-nous-sommes\/au-sujet-de-notre-clinique-juridique\/#breadcrumb\",\"itemListElement\":[{\"@type\":\"ListItem\",\"position\":1,\"name\":\"Home\",\"item\":\"https:\/\/www.niagaracommunitylegalclinic.com\/fr\/\"},{\"@type\":\"ListItem\",\"position\":2,\"name\":\"Qui nous sommes\",\"item\":\"https:\/\/www.niagaracommunitylegalclinic.com\/fr\/qui-nous-sommes\/\"},{\"@type\":\"ListItem\",\"position\":3,\"name\":\"Au sujet de notre clinique juridique\"}]},{\"@type\":\"WebSite\",\"@id\":\"https:\/\/www.niagaracommunitylegalclinic.com\/#website\",\"url\":\"https:\/\/www.niagaracommunitylegalclinic.com\/\",\"name\":\"CEO All Clinics\",\"description\":\"\",\"potentialAction\":[{\"@type\":\"SearchAction\",\"target\":{\"@type\":\"EntryPoint\",\"urlTemplate\":\"https:\/\/www.niagaracommunitylegalclinic.com\/?s={search_term_string}\"},\"query-input\":{\"@type\":\"PropertyValueSpecification\",\"valueRequired\":true,\"valueName\":\"search_term_string\"}}],\"inLanguage\":\"fr-FR\"}]}<\/script>\n<!-- \/ Yoast SEO plugin. -->","yoast_head_json":{"title":"Au sujet de notre clinique juridique - Niagara Community Legal Clinic - Clinique juridique communautaire de Niagara","robots":{"index":"index","follow":"follow","max-snippet":"max-snippet:-1","max-image-preview":"max-image-preview:large","max-video-preview":"max-video-preview:-1"},"canonical":"https:\/\/www.niagaracommunitylegalclinic.com\/fr\/qui-nous-sommes\/au-sujet-de-notre-clinique-juridique\/","og_locale":"fr_FR","og_type":"article","og_title":"Au sujet de notre clinique juridique - Niagara Community Legal Clinic - Clinique juridique communautaire de Niagara","og_description":"Nous sommes une clinique juridique communautaire \u00e0 but non lucratif qui sert depuis\u00a01978 les villes et les villages de la r\u00e9gion de Niagara. \u00c9nonc\u00e9 de mission Nous avons pour objectif d\u2019aider les individus et les groupes qui ont besoin d\u2019aide juridique en leur offrant un acc\u00e8s \u00e9gal aux services juridiques.","og_url":"https:\/\/www.niagaracommunitylegalclinic.com\/fr\/qui-nous-sommes\/au-sujet-de-notre-clinique-juridique\/","og_site_name":"Niagara Community Legal Clinic - Clinique juridique communautaire de Niagara","article_modified_time":"2020-01-15T09:36:49+00:00","twitter_card":"summary_large_image","twitter_misc":{"Dur\u00e9e de lecture estim\u00e9e":"1 minute"},"schema":{"@context":"https:\/\/schema.org","@graph":[{"@type":"WebPage","@id":"https:\/\/www.niagaracommunitylegalclinic.com\/fr\/qui-nous-sommes\/au-sujet-de-notre-clinique-juridique\/","url":"https:\/\/www.niagaracommunitylegalclinic.com\/fr\/qui-nous-sommes\/au-sujet-de-notre-clinique-juridique\/","name":"Au sujet de notre clinique juridique - Niagara Community Legal Clinic - Clinique juridique communautaire de Niagara","isPartOf":{"@id":"https:\/\/www.niagaracommunitylegalclinic.com\/#website"},"datePublished":"2020-01-14T12:57:52+00:00","dateModified":"2020-01-15T09:36:49+00:00","breadcrumb":{"@id":"https:\/\/www.niagaracommunitylegalclinic.com\/fr\/qui-nous-sommes\/au-sujet-de-notre-clinique-juridique\/#breadcrumb"},"inLanguage":"fr-FR","potentialAction":[{"@type":"ReadAction","target":["https:\/\/www.niagaracommunitylegalclinic.com\/fr\/qui-nous-sommes\/au-sujet-de-notre-clinique-juridique\/"]}]},{"@type":"BreadcrumbList","@id":"https:\/\/www.niagaracommunitylegalclinic.com\/fr\/qui-nous-sommes\/au-sujet-de-notre-clinique-juridique\/#breadcrumb","itemListElement":[{"@type":"ListItem","position":1,"name":"Home","item":"https:\/\/www.niagaracommunitylegalclinic.com\/fr\/"},{"@type":"ListItem","position":2,"name":"Qui nous sommes","item":"https:\/\/www.niagaracommunitylegalclinic.com\/fr\/qui-nous-sommes\/"},{"@type":"ListItem","position":3,"name":"Au sujet de notre clinique juridique"}]},{"@type":"WebSite","@id":"https:\/\/www.niagaracommunitylegalclinic.com\/#website","url":"https:\/\/www.niagaracommunitylegalclinic.com\/","name":"CEO All Clinics","description":"","potentialAction":[{"@type":"SearchAction","target":{"@type":"EntryPoint","urlTemplate":"https:\/\/www.niagaracommunitylegalclinic.com\/?s={search_term_string}"},"query-input":{"@type":"PropertyValueSpecification","valueRequired":true,"valueName":"search_term_string"}}],"inLanguage":"fr-FR"}]}},"_links":{"self":[{"href":"https:\/\/www.niagaracommunitylegalclinic.com\/fr\/wp-json\/wp\/v2\/pages\/1122","targetHints":{"allow":["GET"]}}],"collection":[{"href":"https:\/\/www.niagaracommunitylegalclinic.com\/fr\/wp-json\/wp\/v2\/pages"}],"about":[{"href":"https:\/\/www.niagaracommunitylegalclinic.com\/fr\/wp-json\/wp\/v2\/types\/page"}],"author":[{"embeddable":true,"href":"https:\/\/www.niagaracommunitylegalclinic.com\/fr\/wp-json\/wp\/v2\/users\/2"}],"replies":[{"embeddable":true,"href":"https:\/\/www.niagaracommunitylegalclinic.com\/fr\/wp-json\/wp\/v2\/comments?post=1122"}],"version-history":[{"count":1,"href":"https:\/\/www.niagaracommunitylegalclinic.com\/fr\/wp-json\/wp\/v2\/pages\/1122\/revisions"}],"predecessor-version":[{"id":1123,"href":"https:\/\/www.niagaracommunitylegalclinic.com\/fr\/wp-json\/wp\/v2\/pages\/1122\/revisions\/1123"}],"up":[{"embeddable":true,"href":"https:\/\/www.niagaracommunitylegalclinic.com\/fr\/wp-json\/wp\/v2\/pages\/1120"}],"wp:attachment":[{"href":"https:\/\/www.niagaracommunitylegalclinic.com\/fr\/wp-json\/wp\/v2\/media?parent=1122"}],"curies":[{"name":"wp","href":"https:\/\/api.w.org\/{rel}","templated":true}]}}