{"id":1130,"date":"2020-01-14T08:10:18","date_gmt":"2020-01-14T13:10:18","guid":{"rendered":"https:\/\/niagara.turnbull.co\/?page_id=1130"},"modified":"2020-01-15T04:49:26","modified_gmt":"2020-01-15T09:49:26","slug":"comment-pouvons-nous-vous-aider","status":"publish","type":"page","link":"https:\/\/www.niagaracommunitylegalclinic.com\/fr\/nos-services\/comment-pouvons-nous-vous-aider\/","title":{"rendered":"Comment pouvons-nous vous aider?"},"content":{"rendered":"\n<p>Nous offrons des services juridiques gratuits aux habitants \u00e0 faible revenu de la r\u00e9gion de Niagara. Nos services sont offerts sans frais aux clients qui sont <a href=\"\/fr\/nos-services\/admissibilite-financiere\/\">admissibles financi\u00e8rement<\/a>.<\/p>\n<h2>Services cliniques<\/h2>\n<ul>\n<li><a href=\"\/fr\/legal-topic\/programme-ontarien-de-soutien-aux-personnes-handicapees-posph\/\">Programme ontarien de soutien aux personnes handicap\u00e9es<\/a><\/li>\n<li><a href=\"\/fr\/legal-topic\/programme-ontario-au-travail\/\">Programme Ontario au travail<\/a><\/li>\n<li><a href=\"\/fr\/legal-topic\/indemnisation-des-travailleurs\/\">S\u00e9curit\u00e9 professionnelle et assurance contre les accidents du travail<\/a><\/li>\n<li><a href=\"\/fr\/legal-topic\/emploi-et-travail\/\">Droit du travail<\/a><\/li>\n<li><a href=\"\/fr\/legal-topic\/droit-du-logement\/\">Droit du logement<\/a><\/li>\n<li><a href=\"\/fr\/legal-topic\/programme-de-prestations-dinvalidite-du-regime-de-pensions-du-canada-rpc\/\">Programme de prestations d\u2019invalidit\u00e9 du R\u00e9gime de pensions du Canada et Programmes de la s\u00e9curit\u00e9 du revenu<\/a><\/li>\n<li><a href=\"\/fr\/legal-topic\/dettes-et-droits-du-consommateur\/\">Probl\u00e8mes de consommation et d\u2019endettement<\/a><\/li>\n<li><a href=\"\/fr\/legal-topic\/testaments-et-procurations\/\">Testaments et procurations<\/a><\/li>\n<li><a href=\"\/fr\/legal-topic\/tribunaux-et-cours\/\">Repr\u00e9sentation devant les cours de justice et les tribunaux<\/a><\/li>\n<li><a href=\"\/fr\/legal-topic\/droit-de-limmigration\/\">Droit de l\u2019immigration<\/a> et <a href=\"\/fr\/legal-topic\/droit-des-refugies\/\">des r\u00e9fugi\u00e9s<\/a><\/li>\n<\/ul>\n<p>Le conseil d\u2019administration de la clinique \u00e9tablit et examine chaque ann\u00e9e les domaines du droit qu\u2019elle pratique en fonction des besoins recens\u00e9s dans chaque ville.<\/p>\n<p>Si nous ne sommes pas en mesure de vous aider, nous essaierons de vous renvoyer \u00e0 un autre organisme qui le peut. Pour obtenir de l\u2019aide dans d\u2019autres domaines du droit, veuillez consultez notre section sur les <a href=\"\/fr\/informations-juridiques\/\">informations juridiques<\/a>.<\/p>\n<h2>Types de services<\/h2>\n<h3>Repr\u00e9sentation en justice<\/h3>\n<p>Nous fournissons des avocats pour vous repr\u00e9senter devant les conseils gouvernementaux et les tribunaux dans les domaines du droit pratiqu\u00e9s par la clinique si vous \u00eates un habitant \u00e0 faible revenu de la r\u00e9gion de Niagara.<\/p>\n<h3>Avis juridique sommaire<\/h3>\n<p>Nous donnons des conseils juridiques gratuits au t\u00e9l\u00e9phone, sur ou sans rendez-vous dans les domaines du droit \u00e9num\u00e9r\u00e9s ci-dessus. Il n\u2019y a aucune restriction d\u2019admissibilit\u00e9 financi\u00e8re lorsque vous sollicitez un avis juridique sommaire.<\/p>\n<h3>Renvois<\/h3>\n<p>Nous ne pratiquons pas dans tous les domaines du droit. Si nous ne sommes pas en mesure de vous aider, nous pouvons peut-\u00eatre vous renvoyer \u00e0 un autre organisme qui le peut.<\/p>\n<p>Nous ne sommes pas en mesure de vous aider en mati\u00e8re de droit criminel, familial, civil, sur les infractions provinciales, immobilier ou de l\u2019immigration. <strong>Nous ne d\u00e9livrons pas de certificats d\u2019aide juridique.<\/strong><\/p>\n<p>Si vous avez besoin d\u2019aide pour une affaire li\u00e9e au droit criminel ou familial, veuillez communiquer avec Aide juridique Ontario au <br \/>1\u00a0800\u00a0668\u20118258 du lundi au vendredi, de 8\u00a0h \u00e0 17\u00a0h (heure normale de l\u2019Est) pour obtenir de l\u2019aide ou visitez le site Web <a href=\"https:\/\/www.legalaid.on.ca\/fr\/\" target=\"_blank\" rel=\"noopener noreferrer\">https:\/\/www.legalaid.on.ca\/fr\/<\/a>.<\/p>\n","protected":false},"excerpt":{"rendered":"<p>Nous offrons des services juridiques gratuits aux habitants \u00e0 faible revenu de la r\u00e9gion de Niagara. Nos services sont offerts sans frais aux clients qui sont <a href=\"\/fr\/nos-services\/admissibilite-financiere\/\">admissibles financi\u00e8rement<\/a>.<br \/>\nServices cliniques<\/p>\n<p><a href=\"\/fr\/legal-topic\/programme-ontarien-de-soutien-aux-personnes-handicapees-posph\/\">Programme ontarien de soutien aux personnes handicap\u00e9es<\/a><br \/>\n<a href=\"\/fr\/legal-topic\/programme-ontario-au-travail\/\">Programme Ontario au travail<\/a><br \/>\n<a href=\"\/fr\/legal-topic\/indemnisation-des-travailleurs\/\">S\u00e9curit\u00e9 professionnelle et assurance contre les accidents du travail<\/a><br \/>\n<a href=\"\/fr\/legal-topic\/emploi-et-travail\/\">Droit du travail<\/a><br \/>\n<a href=\"\/fr\/legal-topic\/droit-du-logement\/\">Droit du logement<\/a><br \/>\n<a href=\"\/fr\/legal-topic\/programme-de-prestations-dinvalidite-du-regime-de-pensions-du-canada-rpc\/\">Programme de prestations d\u2019invalidit\u00e9 du R\u00e9gime de pensions du Canada et Programmes de la s\u00e9curit\u00e9 du revenu<\/a><br \/>\n<a href=\"\/fr\/legal-topic\/dettes-et-droits-du-consommateur\/\">Probl\u00e8mes de consommation et d\u2019endettement<\/a><br \/>\n<a href=\"\/fr\/legal-topic\/testaments-et-procurations\/\">Testaments et procurations<\/a><br \/>\n<a href=\"\/fr\/legal-topic\/tribunaux-et-cours\/\">Repr\u00e9sentation devant les cours de justice et les tribunaux<\/a><br \/>\n<a href=\"\/fr\/legal-topic\/droit-de-limmigration\/\">Droit de l\u2019immigration<\/a> et <a href=\"\/fr\/legal-topic\/droit-des-refugies\/\">des r\u00e9fugi\u00e9s<\/a><\/p>\n<p>Le conseil d\u2019administration de la clinique \u00e9tablit et examine chaque ann\u00e9e les domaines du droit qu\u2019elle pratique en fonction des besoins recens\u00e9s dans chaque ville.<\/p>\n","protected":false},"author":2,"featured_media":0,"parent":1128,"menu_order":0,"comment_status":"closed","ping_status":"closed","template":"","meta":{"_bbp_topic_count":0,"_bbp_reply_count":0,"_bbp_total_topic_count":0,"_bbp_total_reply_count":0,"_bbp_voice_count":0,"_bbp_anonymous_reply_count":0,"_bbp_topic_count_hidden":0,"_bbp_reply_count_hidden":0,"_bbp_forum_subforum_count":0,"footnotes":""},"class_list":["post-1130","page","type-page","status-publish","hentry"],"yoast_head":"<!-- This site is optimized with the Yoast SEO plugin v24.3 - https:\/\/yoast.com\/wordpress\/plugins\/seo\/ -->\n<title>Comment pouvons-nous vous aider? - Niagara Community Legal Clinic - Clinique juridique communautaire de Niagara<\/title>\n<meta name=\"robots\" content=\"index, follow, max-snippet:-1, max-image-preview:large, max-video-preview:-1\" \/>\n<link rel=\"canonical\" href=\"https:\/\/www.niagaracommunitylegalclinic.com\/fr\/nos-services\/comment-pouvons-nous-vous-aider\/\" \/>\n<meta property=\"og:locale\" content=\"fr_FR\" \/>\n<meta property=\"og:type\" content=\"article\" \/>\n<meta property=\"og:title\" content=\"Comment pouvons-nous vous aider? - Niagara Community Legal Clinic - Clinique juridique communautaire de Niagara\" \/>\n<meta property=\"og:description\" content=\"Nous offrons des services juridiques gratuits aux habitants \u00e0 faible revenu de la r\u00e9gion de Niagara. Nos services sont offerts sans frais aux clients qui sont admissibles financi\u00e8rement. Services cliniques Programme ontarien de soutien aux personnes handicap\u00e9es Programme Ontario au travail S\u00e9curit\u00e9 professionnelle et assurance contre les accidents du travail Droit du travail Droit du logement Programme de prestations d\u2019invalidit\u00e9 du R\u00e9gime de pensions du Canada et Programmes de la s\u00e9curit\u00e9 du revenu Probl\u00e8mes de consommation et d\u2019endettement Testaments et procurations Repr\u00e9sentation devant les cours de justice et les tribunaux Droit de l\u2019immigration et des r\u00e9fugi\u00e9s Le conseil d\u2019administration de la clinique \u00e9tablit et examine chaque ann\u00e9e les domaines du droit qu\u2019elle pratique en fonction des besoins recens\u00e9s dans chaque ville.\" \/>\n<meta property=\"og:url\" content=\"https:\/\/www.niagaracommunitylegalclinic.com\/fr\/nos-services\/comment-pouvons-nous-vous-aider\/\" \/>\n<meta property=\"og:site_name\" content=\"Niagara Community Legal Clinic - Clinique juridique communautaire de Niagara\" \/>\n<meta property=\"article:modified_time\" content=\"2020-01-15T09:49:26+00:00\" \/>\n<meta name=\"twitter:card\" content=\"summary_large_image\" \/>\n<meta name=\"twitter:label1\" content=\"Dur\u00e9e de lecture estim\u00e9e\" \/>\n\t<meta name=\"twitter:data1\" content=\"2 minutes\" \/>\n<script type=\"application\/ld+json\" class=\"yoast-schema-graph\">{\"@context\":\"https:\/\/schema.org\",\"@graph\":[{\"@type\":\"WebPage\",\"@id\":\"https:\/\/www.niagaracommunitylegalclinic.com\/fr\/nos-services\/comment-pouvons-nous-vous-aider\/\",\"url\":\"https:\/\/www.niagaracommunitylegalclinic.com\/fr\/nos-services\/comment-pouvons-nous-vous-aider\/\",\"name\":\"Comment pouvons-nous vous aider? - Niagara Community Legal Clinic - Clinique juridique communautaire de Niagara\",\"isPartOf\":{\"@id\":\"https:\/\/www.niagaracommunitylegalclinic.com\/#website\"},\"datePublished\":\"2020-01-14T13:10:18+00:00\",\"dateModified\":\"2020-01-15T09:49:26+00:00\",\"breadcrumb\":{\"@id\":\"https:\/\/www.niagaracommunitylegalclinic.com\/fr\/nos-services\/comment-pouvons-nous-vous-aider\/#breadcrumb\"},\"inLanguage\":\"fr-FR\",\"potentialAction\":[{\"@type\":\"ReadAction\",\"target\":[\"https:\/\/www.niagaracommunitylegalclinic.com\/fr\/nos-services\/comment-pouvons-nous-vous-aider\/\"]}]},{\"@type\":\"BreadcrumbList\",\"@id\":\"https:\/\/www.niagaracommunitylegalclinic.com\/fr\/nos-services\/comment-pouvons-nous-vous-aider\/#breadcrumb\",\"itemListElement\":[{\"@type\":\"ListItem\",\"position\":1,\"name\":\"Home\",\"item\":\"https:\/\/www.niagaracommunitylegalclinic.com\/fr\/\"},{\"@type\":\"ListItem\",\"position\":2,\"name\":\"Nos services\",\"item\":\"https:\/\/www.niagaracommunitylegalclinic.com\/fr\/nos-services\/\"},{\"@type\":\"ListItem\",\"position\":3,\"name\":\"Comment pouvons-nous vous aider?\"}]},{\"@type\":\"WebSite\",\"@id\":\"https:\/\/www.niagaracommunitylegalclinic.com\/#website\",\"url\":\"https:\/\/www.niagaracommunitylegalclinic.com\/\",\"name\":\"CEO All Clinics\",\"description\":\"\",\"potentialAction\":[{\"@type\":\"SearchAction\",\"target\":{\"@type\":\"EntryPoint\",\"urlTemplate\":\"https:\/\/www.niagaracommunitylegalclinic.com\/?s={search_term_string}\"},\"query-input\":{\"@type\":\"PropertyValueSpecification\",\"valueRequired\":true,\"valueName\":\"search_term_string\"}}],\"inLanguage\":\"fr-FR\"}]}<\/script>\n<!-- \/ Yoast SEO plugin. -->","yoast_head_json":{"title":"Comment pouvons-nous vous aider? - Niagara Community Legal Clinic - Clinique juridique communautaire de Niagara","robots":{"index":"index","follow":"follow","max-snippet":"max-snippet:-1","max-image-preview":"max-image-preview:large","max-video-preview":"max-video-preview:-1"},"canonical":"https:\/\/www.niagaracommunitylegalclinic.com\/fr\/nos-services\/comment-pouvons-nous-vous-aider\/","og_locale":"fr_FR","og_type":"article","og_title":"Comment pouvons-nous vous aider? - Niagara Community Legal Clinic - Clinique juridique communautaire de Niagara","og_description":"Nous offrons des services juridiques gratuits aux habitants \u00e0 faible revenu de la r\u00e9gion de Niagara. Nos services sont offerts sans frais aux clients qui sont admissibles financi\u00e8rement. Services cliniques Programme ontarien de soutien aux personnes handicap\u00e9es Programme Ontario au travail S\u00e9curit\u00e9 professionnelle et assurance contre les accidents du travail Droit du travail Droit du logement Programme de prestations d\u2019invalidit\u00e9 du R\u00e9gime de pensions du Canada et Programmes de la s\u00e9curit\u00e9 du revenu Probl\u00e8mes de consommation et d\u2019endettement Testaments et procurations Repr\u00e9sentation devant les cours de justice et les tribunaux Droit de l\u2019immigration et des r\u00e9fugi\u00e9s Le conseil d\u2019administration de la clinique \u00e9tablit et examine chaque ann\u00e9e les domaines du droit qu\u2019elle pratique en fonction des besoins recens\u00e9s dans chaque ville.","og_url":"https:\/\/www.niagaracommunitylegalclinic.com\/fr\/nos-services\/comment-pouvons-nous-vous-aider\/","og_site_name":"Niagara Community Legal Clinic - Clinique juridique communautaire de Niagara","article_modified_time":"2020-01-15T09:49:26+00:00","twitter_card":"summary_large_image","twitter_misc":{"Dur\u00e9e de lecture estim\u00e9e":"2 minutes"},"schema":{"@context":"https:\/\/schema.org","@graph":[{"@type":"WebPage","@id":"https:\/\/www.niagaracommunitylegalclinic.com\/fr\/nos-services\/comment-pouvons-nous-vous-aider\/","url":"https:\/\/www.niagaracommunitylegalclinic.com\/fr\/nos-services\/comment-pouvons-nous-vous-aider\/","name":"Comment pouvons-nous vous aider? - Niagara Community Legal Clinic - Clinique juridique communautaire de Niagara","isPartOf":{"@id":"https:\/\/www.niagaracommunitylegalclinic.com\/#website"},"datePublished":"2020-01-14T13:10:18+00:00","dateModified":"2020-01-15T09:49:26+00:00","breadcrumb":{"@id":"https:\/\/www.niagaracommunitylegalclinic.com\/fr\/nos-services\/comment-pouvons-nous-vous-aider\/#breadcrumb"},"inLanguage":"fr-FR","potentialAction":[{"@type":"ReadAction","target":["https:\/\/www.niagaracommunitylegalclinic.com\/fr\/nos-services\/comment-pouvons-nous-vous-aider\/"]}]},{"@type":"BreadcrumbList","@id":"https:\/\/www.niagaracommunitylegalclinic.com\/fr\/nos-services\/comment-pouvons-nous-vous-aider\/#breadcrumb","itemListElement":[{"@type":"ListItem","position":1,"name":"Home","item":"https:\/\/www.niagaracommunitylegalclinic.com\/fr\/"},{"@type":"ListItem","position":2,"name":"Nos services","item":"https:\/\/www.niagaracommunitylegalclinic.com\/fr\/nos-services\/"},{"@type":"ListItem","position":3,"name":"Comment pouvons-nous vous aider?"}]},{"@type":"WebSite","@id":"https:\/\/www.niagaracommunitylegalclinic.com\/#website","url":"https:\/\/www.niagaracommunitylegalclinic.com\/","name":"CEO All Clinics","description":"","potentialAction":[{"@type":"SearchAction","target":{"@type":"EntryPoint","urlTemplate":"https:\/\/www.niagaracommunitylegalclinic.com\/?s={search_term_string}"},"query-input":{"@type":"PropertyValueSpecification","valueRequired":true,"valueName":"search_term_string"}}],"inLanguage":"fr-FR"}]}},"_links":{"self":[{"href":"https:\/\/www.niagaracommunitylegalclinic.com\/fr\/wp-json\/wp\/v2\/pages\/1130","targetHints":{"allow":["GET"]}}],"collection":[{"href":"https:\/\/www.niagaracommunitylegalclinic.com\/fr\/wp-json\/wp\/v2\/pages"}],"about":[{"href":"https:\/\/www.niagaracommunitylegalclinic.com\/fr\/wp-json\/wp\/v2\/types\/page"}],"author":[{"embeddable":true,"href":"https:\/\/www.niagaracommunitylegalclinic.com\/fr\/wp-json\/wp\/v2\/users\/2"}],"replies":[{"embeddable":true,"href":"https:\/\/www.niagaracommunitylegalclinic.com\/fr\/wp-json\/wp\/v2\/comments?post=1130"}],"version-history":[{"count":3,"href":"https:\/\/www.niagaracommunitylegalclinic.com\/fr\/wp-json\/wp\/v2\/pages\/1130\/revisions"}],"predecessor-version":[{"id":1237,"href":"https:\/\/www.niagaracommunitylegalclinic.com\/fr\/wp-json\/wp\/v2\/pages\/1130\/revisions\/1237"}],"up":[{"embeddable":true,"href":"https:\/\/www.niagaracommunitylegalclinic.com\/fr\/wp-json\/wp\/v2\/pages\/1128"}],"wp:attachment":[{"href":"https:\/\/www.niagaracommunitylegalclinic.com\/fr\/wp-json\/wp\/v2\/media?parent=1130"}],"curies":[{"name":"wp","href":"https:\/\/api.w.org\/{rel}","templated":true}]}}