{"id":1134,"date":"2020-01-14T08:13:02","date_gmt":"2020-01-14T13:13:02","guid":{"rendered":"https:\/\/niagara.turnbull.co\/?page_id=1134"},"modified":"2020-01-15T04:40:47","modified_gmt":"2020-01-15T09:40:47","slug":"admissibilite-financiere","status":"publish","type":"page","link":"https:\/\/www.niagaracommunitylegalclinic.com\/fr\/nos-services\/admissibilite-financiere\/","title":{"rendered":"Admissibilit\u00e9 financi\u00e8re"},"content":{"rendered":"\n<p>Nous pouvons seulement vous aider que si vous vous qualifiez financi\u00e8rement. Cependant, nous pourrons peut-\u00eatre vous fournir un avis sommaire m\u00eame si votre revenu est sup\u00e9rieur \u00e0 nos crit\u00e8res d\u2019admissibilit\u00e9.<\/p>\n<p>Si votre principale source de revenu familial est l\u2019une des suivantes, vous \u00eates automatiquement admissible financi\u00e8rement \u00e0 nos services\u00a0:<\/p>\n<ul>\n<li>Programme Ontario au travail<\/li>\n<li>Programme ontarien de soutien aux personnes handicap\u00e9es (POSPH)<\/li>\n<li>Pension de la S\u00e9curit\u00e9 de la vieillesse avec Suppl\u00e9ment de revenu garanti<\/li>\n<li>Allocation aux anciens combattants<\/li>\n<li>Programme de prestations d\u2019invalidit\u00e9 du R\u00e9gime de pensions du Canada (si le RPC est la principale source de revenu familial)<\/li>\n<li>Prestations temporaires ou menac\u00e9es de la Commission de la s\u00e9curit\u00e9 professionnelle et de l\u2019assurance contre les accidents du travail (WSIB)<\/li>\n<\/ul>\n<p>L\u2019admissibilit\u00e9 financi\u00e8re est principalement fond\u00e9e sur la taille de la famille et sur le revenu familial. L\u2019admissibilit\u00e9 d\u00e9pend \u00e9galement des biens que vous poss\u00e9dez.<\/p>\n<p>Certains facteurs discr\u00e9tionnaires peuvent \u00eatre pris en consid\u00e9ration. Par exemple, une personne c\u00e9libataire et sans enfants, jouissant du maximum de facteurs discr\u00e9tionnaires, pourrait avoir un revenu annuel pouvant atteindre 21\u00a0144\u00a0$. Un parent unique avec deux enfants, jouissant du maximum de facteurs discr\u00e9tionnaires, pourrait avoir un revenu annuel familial pouvant atteindre 39\u00a0143\u00a0$.<\/p>\n","protected":false},"excerpt":{"rendered":"<p>Nous pouvons seulement vous aider que si vous vous qualifiez financi\u00e8rement. Cependant, nous pourrons peut-\u00eatre vous fournir un avis sommaire m\u00eame si votre revenu est sup\u00e9rieur \u00e0 nos crit\u00e8res d\u2019admissibilit\u00e9.<br \/>\nSi votre principale source de revenu familial est l\u2019une des suivantes, vous \u00eates automatiquement admissible financi\u00e8rement \u00e0 nos services\u00a0:<\/p>\n<p>Programme Ontario au travail<br \/>\nProgramme ontarien de soutien aux personnes handicap\u00e9es (POSPH)<br \/>\nPension de la S\u00e9curit\u00e9 de la vieillesse avec Suppl\u00e9ment de revenu garanti<br \/>\nAllocation aux anciens combattants<br \/>\nProgramme de prestations d\u2019invalidit\u00e9 du R\u00e9gime de pensions du Canada (si le RPC est la principale source de revenu familial)<br \/>\nPrestations temporaires ou menac\u00e9es de la Commission de la s\u00e9curit\u00e9 professionnelle et de l\u2019assurance contre les accidents du travail (WSIB)<\/p>\n<p>L\u2019admissibilit\u00e9 financi\u00e8re est principalement fond\u00e9e sur la taille de la famille et sur le revenu familial.<\/p>\n","protected":false},"author":2,"featured_media":0,"parent":1128,"menu_order":0,"comment_status":"closed","ping_status":"closed","template":"","meta":{"_bbp_topic_count":0,"_bbp_reply_count":0,"_bbp_total_topic_count":0,"_bbp_total_reply_count":0,"_bbp_voice_count":0,"_bbp_anonymous_reply_count":0,"_bbp_topic_count_hidden":0,"_bbp_reply_count_hidden":0,"_bbp_forum_subforum_count":0,"footnotes":""},"class_list":["post-1134","page","type-page","status-publish","hentry"],"yoast_head":"<!-- This site is optimized with the Yoast SEO plugin v24.3 - https:\/\/yoast.com\/wordpress\/plugins\/seo\/ -->\n<title>Admissibilit\u00e9 financi\u00e8re - Niagara Community Legal Clinic - Clinique juridique communautaire de Niagara<\/title>\n<meta name=\"robots\" content=\"index, follow, max-snippet:-1, max-image-preview:large, max-video-preview:-1\" \/>\n<link rel=\"canonical\" href=\"https:\/\/www.niagaracommunitylegalclinic.com\/fr\/nos-services\/admissibilite-financiere\/\" \/>\n<meta property=\"og:locale\" content=\"fr_FR\" \/>\n<meta property=\"og:type\" content=\"article\" \/>\n<meta property=\"og:title\" content=\"Admissibilit\u00e9 financi\u00e8re - Niagara Community Legal Clinic - Clinique juridique communautaire de Niagara\" \/>\n<meta property=\"og:description\" content=\"Nous pouvons seulement vous aider que si vous vous qualifiez financi\u00e8rement. Cependant, nous pourrons peut-\u00eatre vous fournir un avis sommaire m\u00eame si votre revenu est sup\u00e9rieur \u00e0 nos crit\u00e8res d\u2019admissibilit\u00e9. Si votre principale source de revenu familial est l\u2019une des suivantes, vous \u00eates automatiquement admissible financi\u00e8rement \u00e0 nos services\u00a0: Programme Ontario au travail Programme ontarien de soutien aux personnes handicap\u00e9es (POSPH) Pension de la S\u00e9curit\u00e9 de la vieillesse avec Suppl\u00e9ment de revenu garanti Allocation aux anciens combattants Programme de prestations d\u2019invalidit\u00e9 du R\u00e9gime de pensions du Canada (si le RPC est la principale source de revenu familial) Prestations temporaires ou menac\u00e9es de la Commission de la s\u00e9curit\u00e9 professionnelle et de l\u2019assurance contre les accidents du travail (WSIB) L\u2019admissibilit\u00e9 financi\u00e8re est principalement fond\u00e9e sur la taille de la famille et sur le revenu familial.\" \/>\n<meta property=\"og:url\" content=\"https:\/\/www.niagaracommunitylegalclinic.com\/fr\/nos-services\/admissibilite-financiere\/\" \/>\n<meta property=\"og:site_name\" content=\"Niagara Community Legal Clinic - Clinique juridique communautaire de Niagara\" \/>\n<meta property=\"article:modified_time\" content=\"2020-01-15T09:40:47+00:00\" \/>\n<meta name=\"twitter:card\" content=\"summary_large_image\" \/>\n<meta name=\"twitter:label1\" content=\"Dur\u00e9e de lecture estim\u00e9e\" \/>\n\t<meta name=\"twitter:data1\" content=\"1 minute\" \/>\n<script type=\"application\/ld+json\" class=\"yoast-schema-graph\">{\"@context\":\"https:\/\/schema.org\",\"@graph\":[{\"@type\":\"WebPage\",\"@id\":\"https:\/\/www.niagaracommunitylegalclinic.com\/fr\/nos-services\/admissibilite-financiere\/\",\"url\":\"https:\/\/www.niagaracommunitylegalclinic.com\/fr\/nos-services\/admissibilite-financiere\/\",\"name\":\"Admissibilit\u00e9 financi\u00e8re - Niagara Community Legal Clinic - Clinique juridique communautaire de Niagara\",\"isPartOf\":{\"@id\":\"https:\/\/www.niagaracommunitylegalclinic.com\/#website\"},\"datePublished\":\"2020-01-14T13:13:02+00:00\",\"dateModified\":\"2020-01-15T09:40:47+00:00\",\"breadcrumb\":{\"@id\":\"https:\/\/www.niagaracommunitylegalclinic.com\/fr\/nos-services\/admissibilite-financiere\/#breadcrumb\"},\"inLanguage\":\"fr-FR\",\"potentialAction\":[{\"@type\":\"ReadAction\",\"target\":[\"https:\/\/www.niagaracommunitylegalclinic.com\/fr\/nos-services\/admissibilite-financiere\/\"]}]},{\"@type\":\"BreadcrumbList\",\"@id\":\"https:\/\/www.niagaracommunitylegalclinic.com\/fr\/nos-services\/admissibilite-financiere\/#breadcrumb\",\"itemListElement\":[{\"@type\":\"ListItem\",\"position\":1,\"name\":\"Home\",\"item\":\"https:\/\/www.niagaracommunitylegalclinic.com\/fr\/\"},{\"@type\":\"ListItem\",\"position\":2,\"name\":\"Nos services\",\"item\":\"https:\/\/www.niagaracommunitylegalclinic.com\/fr\/nos-services\/\"},{\"@type\":\"ListItem\",\"position\":3,\"name\":\"Admissibilit\u00e9 financi\u00e8re\"}]},{\"@type\":\"WebSite\",\"@id\":\"https:\/\/www.niagaracommunitylegalclinic.com\/#website\",\"url\":\"https:\/\/www.niagaracommunitylegalclinic.com\/\",\"name\":\"CEO All Clinics\",\"description\":\"\",\"potentialAction\":[{\"@type\":\"SearchAction\",\"target\":{\"@type\":\"EntryPoint\",\"urlTemplate\":\"https:\/\/www.niagaracommunitylegalclinic.com\/?s={search_term_string}\"},\"query-input\":{\"@type\":\"PropertyValueSpecification\",\"valueRequired\":true,\"valueName\":\"search_term_string\"}}],\"inLanguage\":\"fr-FR\"}]}<\/script>\n<!-- \/ Yoast SEO plugin. -->","yoast_head_json":{"title":"Admissibilit\u00e9 financi\u00e8re - Niagara Community Legal Clinic - Clinique juridique communautaire de Niagara","robots":{"index":"index","follow":"follow","max-snippet":"max-snippet:-1","max-image-preview":"max-image-preview:large","max-video-preview":"max-video-preview:-1"},"canonical":"https:\/\/www.niagaracommunitylegalclinic.com\/fr\/nos-services\/admissibilite-financiere\/","og_locale":"fr_FR","og_type":"article","og_title":"Admissibilit\u00e9 financi\u00e8re - Niagara Community Legal Clinic - Clinique juridique communautaire de Niagara","og_description":"Nous pouvons seulement vous aider que si vous vous qualifiez financi\u00e8rement. Cependant, nous pourrons peut-\u00eatre vous fournir un avis sommaire m\u00eame si votre revenu est sup\u00e9rieur \u00e0 nos crit\u00e8res d\u2019admissibilit\u00e9. Si votre principale source de revenu familial est l\u2019une des suivantes, vous \u00eates automatiquement admissible financi\u00e8rement \u00e0 nos services\u00a0: Programme Ontario au travail Programme ontarien de soutien aux personnes handicap\u00e9es (POSPH) Pension de la S\u00e9curit\u00e9 de la vieillesse avec Suppl\u00e9ment de revenu garanti Allocation aux anciens combattants Programme de prestations d\u2019invalidit\u00e9 du R\u00e9gime de pensions du Canada (si le RPC est la principale source de revenu familial) Prestations temporaires ou menac\u00e9es de la Commission de la s\u00e9curit\u00e9 professionnelle et de l\u2019assurance contre les accidents du travail (WSIB) L\u2019admissibilit\u00e9 financi\u00e8re est principalement fond\u00e9e sur la taille de la famille et sur le revenu familial.","og_url":"https:\/\/www.niagaracommunitylegalclinic.com\/fr\/nos-services\/admissibilite-financiere\/","og_site_name":"Niagara Community Legal Clinic - Clinique juridique communautaire de Niagara","article_modified_time":"2020-01-15T09:40:47+00:00","twitter_card":"summary_large_image","twitter_misc":{"Dur\u00e9e de lecture estim\u00e9e":"1 minute"},"schema":{"@context":"https:\/\/schema.org","@graph":[{"@type":"WebPage","@id":"https:\/\/www.niagaracommunitylegalclinic.com\/fr\/nos-services\/admissibilite-financiere\/","url":"https:\/\/www.niagaracommunitylegalclinic.com\/fr\/nos-services\/admissibilite-financiere\/","name":"Admissibilit\u00e9 financi\u00e8re - Niagara Community Legal Clinic - Clinique juridique communautaire de Niagara","isPartOf":{"@id":"https:\/\/www.niagaracommunitylegalclinic.com\/#website"},"datePublished":"2020-01-14T13:13:02+00:00","dateModified":"2020-01-15T09:40:47+00:00","breadcrumb":{"@id":"https:\/\/www.niagaracommunitylegalclinic.com\/fr\/nos-services\/admissibilite-financiere\/#breadcrumb"},"inLanguage":"fr-FR","potentialAction":[{"@type":"ReadAction","target":["https:\/\/www.niagaracommunitylegalclinic.com\/fr\/nos-services\/admissibilite-financiere\/"]}]},{"@type":"BreadcrumbList","@id":"https:\/\/www.niagaracommunitylegalclinic.com\/fr\/nos-services\/admissibilite-financiere\/#breadcrumb","itemListElement":[{"@type":"ListItem","position":1,"name":"Home","item":"https:\/\/www.niagaracommunitylegalclinic.com\/fr\/"},{"@type":"ListItem","position":2,"name":"Nos services","item":"https:\/\/www.niagaracommunitylegalclinic.com\/fr\/nos-services\/"},{"@type":"ListItem","position":3,"name":"Admissibilit\u00e9 financi\u00e8re"}]},{"@type":"WebSite","@id":"https:\/\/www.niagaracommunitylegalclinic.com\/#website","url":"https:\/\/www.niagaracommunitylegalclinic.com\/","name":"CEO All Clinics","description":"","potentialAction":[{"@type":"SearchAction","target":{"@type":"EntryPoint","urlTemplate":"https:\/\/www.niagaracommunitylegalclinic.com\/?s={search_term_string}"},"query-input":{"@type":"PropertyValueSpecification","valueRequired":true,"valueName":"search_term_string"}}],"inLanguage":"fr-FR"}]}},"_links":{"self":[{"href":"https:\/\/www.niagaracommunitylegalclinic.com\/fr\/wp-json\/wp\/v2\/pages\/1134","targetHints":{"allow":["GET"]}}],"collection":[{"href":"https:\/\/www.niagaracommunitylegalclinic.com\/fr\/wp-json\/wp\/v2\/pages"}],"about":[{"href":"https:\/\/www.niagaracommunitylegalclinic.com\/fr\/wp-json\/wp\/v2\/types\/page"}],"author":[{"embeddable":true,"href":"https:\/\/www.niagaracommunitylegalclinic.com\/fr\/wp-json\/wp\/v2\/users\/2"}],"replies":[{"embeddable":true,"href":"https:\/\/www.niagaracommunitylegalclinic.com\/fr\/wp-json\/wp\/v2\/comments?post=1134"}],"version-history":[{"count":1,"href":"https:\/\/www.niagaracommunitylegalclinic.com\/fr\/wp-json\/wp\/v2\/pages\/1134\/revisions"}],"predecessor-version":[{"id":1135,"href":"https:\/\/www.niagaracommunitylegalclinic.com\/fr\/wp-json\/wp\/v2\/pages\/1134\/revisions\/1135"}],"up":[{"embeddable":true,"href":"https:\/\/www.niagaracommunitylegalclinic.com\/fr\/wp-json\/wp\/v2\/pages\/1128"}],"wp:attachment":[{"href":"https:\/\/www.niagaracommunitylegalclinic.com\/fr\/wp-json\/wp\/v2\/media?parent=1134"}],"curies":[{"name":"wp","href":"https:\/\/api.w.org\/{rel}","templated":true}]}}