{"id":1144,"date":"2020-01-14T14:08:08","date_gmt":"2020-01-14T19:08:08","guid":{"rendered":"https:\/\/niagara.turnbull.co\/?page_id=1144"},"modified":"2026-01-15T06:40:04","modified_gmt":"2026-01-15T11:40:04","slug":"communiquez-avec-nous","status":"publish","type":"page","link":"https:\/\/www.niagaracommunitylegalclinic.com\/fr\/communiquez-avec-nous\/","title":{"rendered":"Communiquez avec nous"},"content":{"rendered":"\n<div class=\"wp-block-columns is-layout-flex wp-container-core-columns-is-layout-1 wp-block-columns-is-layout-flex\">\n<div class=\"wp-block-column is-layout-flow wp-block-column-is-layout-flow\">\n<p>Il est pr\u00e9f\u00e9rable de nous contacter par t\u00e9l\u00e9phone \u00e0 notre num\u00e9ro d&rsquo;admission indiqu\u00e9 ci-dessous pour obtenir de l&rsquo;aide concernant vos probl\u00e8mes juridiques.<\/p>\n<p>Si vous estimez avoir un probl\u00e8me juridique, veuillez communiquer avec la ligne d\u2019accueil au <a href=\"tel:9056826635\">905\u00a0682\u20116635<\/a> afin de prendre rendez-vous pour une discussion avec le personnel juridique.<\/p>\n<p>Vous pouvez lire notre processus d\u2019admission <a href=\"https:\/\/www.niagaracommunitylegalclinic.com\/services\/get-legal-help\/\">ici<\/a>.<\/p>\n<\/div>\n\n\n\n<div class=\"wp-block-column is-layout-flow wp-block-column-is-layout-flow\">\n<h2 style=\"margin-top: 0;\">Bureau de Welland<\/h2>\n<div class=\"map-responsive\"><iframe loading=\"lazy\" style=\"border: 0;\" src=\"https:\/\/www.google.com\/maps\/embed?pb=!1m18!1m12!1m3!1d2918.3235939763676!2d-79.24609768452353!3d42.9925202791495!2m3!1f0!2f0!3f0!3m2!1i1024!2i768!4f13.1!3m3!1m2!1s0x89d34834bf7c12cd%3A0x2e219b5d98e034a3!2s15%20Burgar%20St%20%23100%2C%20Welland%2C%20ON%20L3B%202S6%2C%20Canada!5e0!3m2!1sen!2sba!4v1575494280433!5m2!1sen!2sba\" width=\"400\" height=\"300\" frameborder=\"0\" allowfullscreen=\"allowfullscreen\"><\/iframe><\/div>\n<p>15, rue Burgar, bureau 100<br \/>Welland (Ontario) L3B 2S6<\/p>\n<h2>Bureau de St. Catharines<\/h2>\n<div class=\"map-responsive\"><iframe loading=\"lazy\" style=\"border: 0;\" src=\"https:\/\/www.google.com\/maps\/embed?pb=!1m18!1m12!1m3!1d2910.4818038002504!2d-79.25124618451828!3d43.15740977914152!2m3!1f0!2f0!3f0!3m2!1i1024!2i768!4f13.1!3m3!1m2!1s0x89d351b24b4a91ed%3A0x5cc1e550339c209d!2s8%20Church%20St%2C%20St.%20Catharines%2C%20ON%20L2R%203B3%2C%20Canada!5e0!3m2!1sen!2sba!4v1575494322449!5m2!1sen!2sba\" width=\"400\" height=\"300\" frameborder=\"0\" allowfullscreen=\"allowfullscreen\"><\/iframe><\/div>\n<p>8, rue Church, 2e \u00e9tage<br \/>St. Catharines (Ontario) L2R 3B3<\/p>\n<p><strong>Vous pouvez prendre rendez-vous dans ces bureaux en t\u00e9l\u00e9phonant \u00e0 notre ligne principale au <a href=\"tel:9056826635\"><strong>905\u00a0682\u20116635<\/strong><\/a>.<br \/><\/strong>Veuillez laisser un message comportant votre nom et votre num\u00e9ro de t\u00e9l\u00e9phone et nous communiquerons avec vous d\u00e8s que possible afin d\u2019organiser un rendez-vous en personne ou par t\u00e9l\u00e9phone avec un membre de notre personnel des services juridiques.<\/p>\n<\/div>\n<\/div>\n","protected":false},"excerpt":{"rendered":"<p>Il est pr\u00e9f\u00e9rable de nous contacter par t\u00e9l\u00e9phone \u00e0 notre num\u00e9ro d&rsquo;admission indiqu\u00e9 ci-dessous pour obtenir de l&rsquo;aide concernant vos probl\u00e8mes juridiques.<br \/>\nSi vous estimez avoir un probl\u00e8me juridique, veuillez communiquer avec la ligne d\u2019accueil au <a href=\"tel:9056826635\">905\u00a0682\u20116635<\/a> afin de prendre rendez-vous pour une discussion avec le personnel juridique.<\/p>\n","protected":false},"author":2,"featured_media":0,"parent":0,"menu_order":-5,"comment_status":"closed","ping_status":"closed","template":"","meta":{"_bbp_topic_count":0,"_bbp_reply_count":0,"_bbp_total_topic_count":0,"_bbp_total_reply_count":0,"_bbp_voice_count":0,"_bbp_anonymous_reply_count":0,"_bbp_topic_count_hidden":0,"_bbp_reply_count_hidden":0,"_bbp_forum_subforum_count":0,"footnotes":""},"class_list":["post-1144","page","type-page","status-publish","hentry"],"yoast_head":"<!-- This site is optimized with the Yoast SEO plugin v24.3 - https:\/\/yoast.com\/wordpress\/plugins\/seo\/ -->\n<title>Communiquez avec nous - Niagara Community Legal Clinic - Clinique juridique communautaire de Niagara<\/title>\n<meta name=\"robots\" content=\"index, follow, max-snippet:-1, max-image-preview:large, max-video-preview:-1\" \/>\n<link rel=\"canonical\" href=\"https:\/\/www.niagaracommunitylegalclinic.com\/fr\/communiquez-avec-nous\/\" \/>\n<meta property=\"og:locale\" content=\"fr_FR\" \/>\n<meta property=\"og:type\" content=\"article\" \/>\n<meta property=\"og:title\" content=\"Communiquez avec nous - Niagara Community Legal Clinic - Clinique juridique communautaire de Niagara\" \/>\n<meta property=\"og:description\" content=\"Il est pr\u00e9f\u00e9rable de nous contacter par t\u00e9l\u00e9phone \u00e0 notre num\u00e9ro d&rsquo;admission indiqu\u00e9 ci-dessous pour obtenir de l&rsquo;aide concernant vos probl\u00e8mes juridiques. Si vous estimez avoir un probl\u00e8me juridique, veuillez communiquer avec la ligne d\u2019accueil au 905\u00a0682\u20116635 afin de prendre rendez-vous pour une discussion avec le personnel juridique.\" \/>\n<meta property=\"og:url\" content=\"https:\/\/www.niagaracommunitylegalclinic.com\/fr\/communiquez-avec-nous\/\" \/>\n<meta property=\"og:site_name\" content=\"Niagara Community Legal Clinic - Clinique juridique communautaire de Niagara\" \/>\n<meta property=\"article:modified_time\" content=\"2026-01-15T11:40:04+00:00\" \/>\n<meta name=\"twitter:card\" content=\"summary_large_image\" \/>\n<meta name=\"twitter:label1\" content=\"Dur\u00e9e de lecture estim\u00e9e\" \/>\n\t<meta name=\"twitter:data1\" content=\"1 minute\" \/>\n<script type=\"application\/ld+json\" class=\"yoast-schema-graph\">{\"@context\":\"https:\/\/schema.org\",\"@graph\":[{\"@type\":\"WebPage\",\"@id\":\"https:\/\/www.niagaracommunitylegalclinic.com\/fr\/communiquez-avec-nous\/\",\"url\":\"https:\/\/www.niagaracommunitylegalclinic.com\/fr\/communiquez-avec-nous\/\",\"name\":\"Communiquez avec nous - Niagara Community Legal Clinic - Clinique juridique communautaire de Niagara\",\"isPartOf\":{\"@id\":\"https:\/\/www.niagaracommunitylegalclinic.com\/#website\"},\"datePublished\":\"2020-01-14T19:08:08+00:00\",\"dateModified\":\"2026-01-15T11:40:04+00:00\",\"breadcrumb\":{\"@id\":\"https:\/\/www.niagaracommunitylegalclinic.com\/fr\/communiquez-avec-nous\/#breadcrumb\"},\"inLanguage\":\"fr-FR\",\"potentialAction\":[{\"@type\":\"ReadAction\",\"target\":[\"https:\/\/www.niagaracommunitylegalclinic.com\/fr\/communiquez-avec-nous\/\"]}]},{\"@type\":\"BreadcrumbList\",\"@id\":\"https:\/\/www.niagaracommunitylegalclinic.com\/fr\/communiquez-avec-nous\/#breadcrumb\",\"itemListElement\":[{\"@type\":\"ListItem\",\"position\":1,\"name\":\"Home\",\"item\":\"https:\/\/www.niagaracommunitylegalclinic.com\/fr\/\"},{\"@type\":\"ListItem\",\"position\":2,\"name\":\"Communiquez avec nous\"}]},{\"@type\":\"WebSite\",\"@id\":\"https:\/\/www.niagaracommunitylegalclinic.com\/#website\",\"url\":\"https:\/\/www.niagaracommunitylegalclinic.com\/\",\"name\":\"CEO All Clinics\",\"description\":\"\",\"potentialAction\":[{\"@type\":\"SearchAction\",\"target\":{\"@type\":\"EntryPoint\",\"urlTemplate\":\"https:\/\/www.niagaracommunitylegalclinic.com\/?s={search_term_string}\"},\"query-input\":{\"@type\":\"PropertyValueSpecification\",\"valueRequired\":true,\"valueName\":\"search_term_string\"}}],\"inLanguage\":\"fr-FR\"}]}<\/script>\n<!-- \/ Yoast SEO plugin. -->","yoast_head_json":{"title":"Communiquez avec nous - Niagara Community Legal Clinic - Clinique juridique communautaire de Niagara","robots":{"index":"index","follow":"follow","max-snippet":"max-snippet:-1","max-image-preview":"max-image-preview:large","max-video-preview":"max-video-preview:-1"},"canonical":"https:\/\/www.niagaracommunitylegalclinic.com\/fr\/communiquez-avec-nous\/","og_locale":"fr_FR","og_type":"article","og_title":"Communiquez avec nous - Niagara Community Legal Clinic - Clinique juridique communautaire de Niagara","og_description":"Il est pr\u00e9f\u00e9rable de nous contacter par t\u00e9l\u00e9phone \u00e0 notre num\u00e9ro d&rsquo;admission indiqu\u00e9 ci-dessous pour obtenir de l&rsquo;aide concernant vos probl\u00e8mes juridiques. Si vous estimez avoir un probl\u00e8me juridique, veuillez communiquer avec la ligne d\u2019accueil au 905\u00a0682\u20116635 afin de prendre rendez-vous pour une discussion avec le personnel juridique.","og_url":"https:\/\/www.niagaracommunitylegalclinic.com\/fr\/communiquez-avec-nous\/","og_site_name":"Niagara Community Legal Clinic - Clinique juridique communautaire de Niagara","article_modified_time":"2026-01-15T11:40:04+00:00","twitter_card":"summary_large_image","twitter_misc":{"Dur\u00e9e de lecture estim\u00e9e":"1 minute"},"schema":{"@context":"https:\/\/schema.org","@graph":[{"@type":"WebPage","@id":"https:\/\/www.niagaracommunitylegalclinic.com\/fr\/communiquez-avec-nous\/","url":"https:\/\/www.niagaracommunitylegalclinic.com\/fr\/communiquez-avec-nous\/","name":"Communiquez avec nous - Niagara Community Legal Clinic - Clinique juridique communautaire de Niagara","isPartOf":{"@id":"https:\/\/www.niagaracommunitylegalclinic.com\/#website"},"datePublished":"2020-01-14T19:08:08+00:00","dateModified":"2026-01-15T11:40:04+00:00","breadcrumb":{"@id":"https:\/\/www.niagaracommunitylegalclinic.com\/fr\/communiquez-avec-nous\/#breadcrumb"},"inLanguage":"fr-FR","potentialAction":[{"@type":"ReadAction","target":["https:\/\/www.niagaracommunitylegalclinic.com\/fr\/communiquez-avec-nous\/"]}]},{"@type":"BreadcrumbList","@id":"https:\/\/www.niagaracommunitylegalclinic.com\/fr\/communiquez-avec-nous\/#breadcrumb","itemListElement":[{"@type":"ListItem","position":1,"name":"Home","item":"https:\/\/www.niagaracommunitylegalclinic.com\/fr\/"},{"@type":"ListItem","position":2,"name":"Communiquez avec nous"}]},{"@type":"WebSite","@id":"https:\/\/www.niagaracommunitylegalclinic.com\/#website","url":"https:\/\/www.niagaracommunitylegalclinic.com\/","name":"CEO All Clinics","description":"","potentialAction":[{"@type":"SearchAction","target":{"@type":"EntryPoint","urlTemplate":"https:\/\/www.niagaracommunitylegalclinic.com\/?s={search_term_string}"},"query-input":{"@type":"PropertyValueSpecification","valueRequired":true,"valueName":"search_term_string"}}],"inLanguage":"fr-FR"}]}},"_links":{"self":[{"href":"https:\/\/www.niagaracommunitylegalclinic.com\/fr\/wp-json\/wp\/v2\/pages\/1144","targetHints":{"allow":["GET"]}}],"collection":[{"href":"https:\/\/www.niagaracommunitylegalclinic.com\/fr\/wp-json\/wp\/v2\/pages"}],"about":[{"href":"https:\/\/www.niagaracommunitylegalclinic.com\/fr\/wp-json\/wp\/v2\/types\/page"}],"author":[{"embeddable":true,"href":"https:\/\/www.niagaracommunitylegalclinic.com\/fr\/wp-json\/wp\/v2\/users\/2"}],"replies":[{"embeddable":true,"href":"https:\/\/www.niagaracommunitylegalclinic.com\/fr\/wp-json\/wp\/v2\/comments?post=1144"}],"version-history":[{"count":6,"href":"https:\/\/www.niagaracommunitylegalclinic.com\/fr\/wp-json\/wp\/v2\/pages\/1144\/revisions"}],"predecessor-version":[{"id":1531,"href":"https:\/\/www.niagaracommunitylegalclinic.com\/fr\/wp-json\/wp\/v2\/pages\/1144\/revisions\/1531"}],"wp:attachment":[{"href":"https:\/\/www.niagaracommunitylegalclinic.com\/fr\/wp-json\/wp\/v2\/media?parent=1144"}],"curies":[{"name":"wp","href":"https:\/\/api.w.org\/{rel}","templated":true}]}}