{"id":1507,"date":"2024-07-31T09:45:49","date_gmt":"2024-07-31T13:45:49","guid":{"rendered":"https:\/\/www.niagaracommunitylegalclinic.com\/?page_id=1507"},"modified":"2024-08-22T12:14:44","modified_gmt":"2024-08-22T16:14:44","slug":"contre-harcelement-travail","status":"publish","type":"page","link":"https:\/\/www.niagaracommunitylegalclinic.com\/fr\/contre-harcelement-travail\/","title":{"rendered":"Projet Contre le Harc\u00e8lement au Lieu de Travail"},"content":{"rendered":"\n<p>La Clinique juridique communautaire de Niagara participe actuellement \u00e0 une initiative du minist\u00e8re de la Justice du Canada visant \u00e0 s\u2019attaquer au probl\u00e8me persistant du harc\u00e8lement sexuel en milieu de travail. Cette allocation f\u00e9d\u00e9rale de trois ans (jusqu\u2019au 31\u00a0mars\u00a02024) comprend le financement de projets pour vingt\u2011deux cliniques juridiques communautaires en Ontario.<\/p>\n<p>Le projet de pr\u00e9vention du harc\u00e8lement sexuel en milieu de travail est financ\u00e9\u00a0:<\/p>\n<ul>\n<li>pour accro\u00eetre la sensibilisation et les connaissances du public sur le harc\u00e8lement sexuel en milieu de travail;<\/li>\n<li>pour offrir une \u00e9ducation et des renseignements juridiques au public, ce qui comprend des webinaires gratuits pour les milieux de travail;<\/li>\n<li>pour fournir des conseils et des renseignements juridiques en cas de pr\u00e9occupation.<\/li>\n<\/ul>\n<p>Le projet de pr\u00e9vention du harc\u00e8lement sexuel en milieu de travail de la Clinique juridique communautaire de Niagara est un partenaire juridique de \u00ab\u00a0<em>Botler pour citoyen\u00b7nes<\/em>\u00a0\u00bb &#8211; un service gratuit d\u2019intelligence artificielle permettant d\u2019autonomiser les citoyens, con\u00e7u pour soutenir les victimes de harc\u00e8lement sexuel et d\u2019inconduite gr\u00e2ce \u00e0 des mesures d\u2019intervention.<\/p>\n<p><strong>Pour vous inscrire, allez \u00e0\u00a0: <\/strong><a href=\"https:\/\/botler.com\/fr\" target=\"_blank\" rel=\"noopener\">https:\/\/botler.com\/fr<\/a><\/p>\n<p>Personne\u2011ressource du projet de pr\u00e9vention du harc\u00e8lement sexuel en milieu de travail de la Clinique juridique communautaire de Niagara\u00a0: <br \/>Darlene Kindiak, parajuriste (ma\u00eetrise en travail social) <br \/><a href=\"mailto:kindiadr@lao.on.ca\">kindiadr@lao.on.ca<\/a><\/p>\n","protected":false},"excerpt":{"rendered":"<p>La Clinique juridique communautaire de Niagara participe actuellement \u00e0 une initiative du minist\u00e8re de la Justice du Canada visant \u00e0 s\u2019attaquer au probl\u00e8me persistant du harc\u00e8lement sexuel en milieu de travail. Cette allocation f\u00e9d\u00e9rale de trois ans (jusqu\u2019au 31\u00a0mars\u00a02024) comprend le financement de projets pour vingt\u2011deux cliniques juridiques communautaires en Ontario.<\/p>\n","protected":false},"author":2,"featured_media":0,"parent":0,"menu_order":0,"comment_status":"closed","ping_status":"closed","template":"","meta":{"_bbp_topic_count":0,"_bbp_reply_count":0,"_bbp_total_topic_count":0,"_bbp_total_reply_count":0,"_bbp_voice_count":0,"_bbp_anonymous_reply_count":0,"_bbp_topic_count_hidden":0,"_bbp_reply_count_hidden":0,"_bbp_forum_subforum_count":0,"footnotes":""},"class_list":["post-1507","page","type-page","status-publish","hentry"],"yoast_head":"<!-- This site is optimized with the Yoast SEO plugin v24.3 - https:\/\/yoast.com\/wordpress\/plugins\/seo\/ -->\n<title>Projet Contre le Harc\u00e8lement au Lieu de Travail - Niagara Community Legal Clinic - Clinique juridique communautaire de Niagara<\/title>\n<meta name=\"robots\" content=\"index, follow, max-snippet:-1, max-image-preview:large, max-video-preview:-1\" \/>\n<link rel=\"canonical\" href=\"https:\/\/www.niagaracommunitylegalclinic.com\/fr\/contre-harcelement-travail\/\" \/>\n<meta property=\"og:locale\" content=\"fr_FR\" \/>\n<meta property=\"og:type\" content=\"article\" \/>\n<meta property=\"og:title\" content=\"Projet Contre le Harc\u00e8lement au Lieu de Travail - Niagara Community Legal Clinic - Clinique juridique communautaire de Niagara\" \/>\n<meta property=\"og:description\" content=\"La Clinique juridique communautaire de Niagara participe actuellement \u00e0 une initiative du minist\u00e8re de la Justice du Canada visant \u00e0 s\u2019attaquer au probl\u00e8me persistant du harc\u00e8lement sexuel en milieu de travail. Cette allocation f\u00e9d\u00e9rale de trois ans (jusqu\u2019au 31\u00a0mars\u00a02024) comprend le financement de projets pour vingt\u2011deux cliniques juridiques communautaires en Ontario.\" \/>\n<meta property=\"og:url\" content=\"https:\/\/www.niagaracommunitylegalclinic.com\/fr\/contre-harcelement-travail\/\" \/>\n<meta property=\"og:site_name\" content=\"Niagara Community Legal Clinic - Clinique juridique communautaire de Niagara\" \/>\n<meta property=\"article:modified_time\" content=\"2024-08-22T16:14:44+00:00\" \/>\n<meta name=\"twitter:card\" content=\"summary_large_image\" \/>\n<meta name=\"twitter:label1\" content=\"Dur\u00e9e de lecture estim\u00e9e\" \/>\n\t<meta name=\"twitter:data1\" content=\"1 minute\" \/>\n<script type=\"application\/ld+json\" class=\"yoast-schema-graph\">{\"@context\":\"https:\/\/schema.org\",\"@graph\":[{\"@type\":\"WebPage\",\"@id\":\"https:\/\/www.niagaracommunitylegalclinic.com\/fr\/contre-harcelement-travail\/\",\"url\":\"https:\/\/www.niagaracommunitylegalclinic.com\/fr\/contre-harcelement-travail\/\",\"name\":\"Projet Contre le Harc\u00e8lement au Lieu de Travail - Niagara Community Legal Clinic - Clinique juridique communautaire de Niagara\",\"isPartOf\":{\"@id\":\"https:\/\/www.niagaracommunitylegalclinic.com\/#website\"},\"datePublished\":\"2024-07-31T13:45:49+00:00\",\"dateModified\":\"2024-08-22T16:14:44+00:00\",\"breadcrumb\":{\"@id\":\"https:\/\/www.niagaracommunitylegalclinic.com\/fr\/contre-harcelement-travail\/#breadcrumb\"},\"inLanguage\":\"fr-FR\",\"potentialAction\":[{\"@type\":\"ReadAction\",\"target\":[\"https:\/\/www.niagaracommunitylegalclinic.com\/fr\/contre-harcelement-travail\/\"]}]},{\"@type\":\"BreadcrumbList\",\"@id\":\"https:\/\/www.niagaracommunitylegalclinic.com\/fr\/contre-harcelement-travail\/#breadcrumb\",\"itemListElement\":[{\"@type\":\"ListItem\",\"position\":1,\"name\":\"Home\",\"item\":\"https:\/\/www.niagaracommunitylegalclinic.com\/fr\/\"},{\"@type\":\"ListItem\",\"position\":2,\"name\":\"Projet Contre le Harc\u00e8lement au Lieu de Travail\"}]},{\"@type\":\"WebSite\",\"@id\":\"https:\/\/www.niagaracommunitylegalclinic.com\/#website\",\"url\":\"https:\/\/www.niagaracommunitylegalclinic.com\/\",\"name\":\"CEO All Clinics\",\"description\":\"\",\"potentialAction\":[{\"@type\":\"SearchAction\",\"target\":{\"@type\":\"EntryPoint\",\"urlTemplate\":\"https:\/\/www.niagaracommunitylegalclinic.com\/?s={search_term_string}\"},\"query-input\":{\"@type\":\"PropertyValueSpecification\",\"valueRequired\":true,\"valueName\":\"search_term_string\"}}],\"inLanguage\":\"fr-FR\"}]}<\/script>\n<!-- \/ Yoast SEO plugin. -->","yoast_head_json":{"title":"Projet Contre le Harc\u00e8lement au Lieu de Travail - Niagara Community Legal Clinic - Clinique juridique communautaire de Niagara","robots":{"index":"index","follow":"follow","max-snippet":"max-snippet:-1","max-image-preview":"max-image-preview:large","max-video-preview":"max-video-preview:-1"},"canonical":"https:\/\/www.niagaracommunitylegalclinic.com\/fr\/contre-harcelement-travail\/","og_locale":"fr_FR","og_type":"article","og_title":"Projet Contre le Harc\u00e8lement au Lieu de Travail - Niagara Community Legal Clinic - Clinique juridique communautaire de Niagara","og_description":"La Clinique juridique communautaire de Niagara participe actuellement \u00e0 une initiative du minist\u00e8re de la Justice du Canada visant \u00e0 s\u2019attaquer au probl\u00e8me persistant du harc\u00e8lement sexuel en milieu de travail. Cette allocation f\u00e9d\u00e9rale de trois ans (jusqu\u2019au 31\u00a0mars\u00a02024) comprend le financement de projets pour vingt\u2011deux cliniques juridiques communautaires en Ontario.","og_url":"https:\/\/www.niagaracommunitylegalclinic.com\/fr\/contre-harcelement-travail\/","og_site_name":"Niagara Community Legal Clinic - Clinique juridique communautaire de Niagara","article_modified_time":"2024-08-22T16:14:44+00:00","twitter_card":"summary_large_image","twitter_misc":{"Dur\u00e9e de lecture estim\u00e9e":"1 minute"},"schema":{"@context":"https:\/\/schema.org","@graph":[{"@type":"WebPage","@id":"https:\/\/www.niagaracommunitylegalclinic.com\/fr\/contre-harcelement-travail\/","url":"https:\/\/www.niagaracommunitylegalclinic.com\/fr\/contre-harcelement-travail\/","name":"Projet Contre le Harc\u00e8lement au Lieu de Travail - Niagara Community Legal Clinic - Clinique juridique communautaire de Niagara","isPartOf":{"@id":"https:\/\/www.niagaracommunitylegalclinic.com\/#website"},"datePublished":"2024-07-31T13:45:49+00:00","dateModified":"2024-08-22T16:14:44+00:00","breadcrumb":{"@id":"https:\/\/www.niagaracommunitylegalclinic.com\/fr\/contre-harcelement-travail\/#breadcrumb"},"inLanguage":"fr-FR","potentialAction":[{"@type":"ReadAction","target":["https:\/\/www.niagaracommunitylegalclinic.com\/fr\/contre-harcelement-travail\/"]}]},{"@type":"BreadcrumbList","@id":"https:\/\/www.niagaracommunitylegalclinic.com\/fr\/contre-harcelement-travail\/#breadcrumb","itemListElement":[{"@type":"ListItem","position":1,"name":"Home","item":"https:\/\/www.niagaracommunitylegalclinic.com\/fr\/"},{"@type":"ListItem","position":2,"name":"Projet Contre le Harc\u00e8lement au Lieu de Travail"}]},{"@type":"WebSite","@id":"https:\/\/www.niagaracommunitylegalclinic.com\/#website","url":"https:\/\/www.niagaracommunitylegalclinic.com\/","name":"CEO All Clinics","description":"","potentialAction":[{"@type":"SearchAction","target":{"@type":"EntryPoint","urlTemplate":"https:\/\/www.niagaracommunitylegalclinic.com\/?s={search_term_string}"},"query-input":{"@type":"PropertyValueSpecification","valueRequired":true,"valueName":"search_term_string"}}],"inLanguage":"fr-FR"}]}},"_links":{"self":[{"href":"https:\/\/www.niagaracommunitylegalclinic.com\/fr\/wp-json\/wp\/v2\/pages\/1507","targetHints":{"allow":["GET"]}}],"collection":[{"href":"https:\/\/www.niagaracommunitylegalclinic.com\/fr\/wp-json\/wp\/v2\/pages"}],"about":[{"href":"https:\/\/www.niagaracommunitylegalclinic.com\/fr\/wp-json\/wp\/v2\/types\/page"}],"author":[{"embeddable":true,"href":"https:\/\/www.niagaracommunitylegalclinic.com\/fr\/wp-json\/wp\/v2\/users\/2"}],"replies":[{"embeddable":true,"href":"https:\/\/www.niagaracommunitylegalclinic.com\/fr\/wp-json\/wp\/v2\/comments?post=1507"}],"version-history":[{"count":2,"href":"https:\/\/www.niagaracommunitylegalclinic.com\/fr\/wp-json\/wp\/v2\/pages\/1507\/revisions"}],"predecessor-version":[{"id":1510,"href":"https:\/\/www.niagaracommunitylegalclinic.com\/fr\/wp-json\/wp\/v2\/pages\/1507\/revisions\/1510"}],"wp:attachment":[{"href":"https:\/\/www.niagaracommunitylegalclinic.com\/fr\/wp-json\/wp\/v2\/media?parent=1507"}],"curies":[{"name":"wp","href":"https:\/\/api.w.org\/{rel}","templated":true}]}}